{"id":9132,"date":"2025-07-29T04:18:55","date_gmt":"2025-07-29T04:18:55","guid":{"rendered":"https:\/\/www.backwash-surfcamp.de\/?post_type=product&#038;p=9132"},"modified":"2025-07-29T04:24:35","modified_gmt":"2025-07-29T04:24:35","slug":"basic-5-jours-kopie","status":"publish","type":"product","link":"https:\/\/www.backwash-surfcamp.de\/fr\/produkt\/basic-5-jours-kopie\/","title":{"rendered":"Basic &#8211; 3 jours"},"content":{"rendered":"<p>Le petit stage d&rsquo;une demi-journ\u00e9e pour d\u00e9couvrir le surf. Trois jours avec une session dans l\u2019eau par jour, accompagn\u00e9e de cours th\u00e9oriques.<br \/>\nLe cours de base est propos\u00e9 aussi bien pour les d\u00e9butants que pour les surfeurs plus exp\u00e9riment\u00e9s.<\/p>\n<p><strong>Pour les d\u00e9butants<\/strong><\/p>\n<p>En tant que d\u00e9butant, tu commences par des glissades dans la mousse, et nous progressons pas \u00e0 pas jusqu&rsquo;au take-off, selon ton rythme.<br \/>\nDans les cours th\u00e9oriques, nous expliquons les bases du surf et les principes fondamentaux li\u00e9s \u00e0 l\u2019oc\u00e9an.<\/p>\n<p><strong>Pour les surfeurs avanc\u00e9s<\/strong><\/p>\n<p>Si tu as d\u00e9j\u00e0 suivi un cours de surf et que tu veux reprendre accompagn\u00e9, tu peux rafra\u00eechir tes comp\u00e9tences avec nous sur une demi-journ\u00e9e.<\/p>\n<p>La progression d\u00e9pend naturellement de chacun.<\/p>\n<p>&nbsp;<\/p>\n<h4>Ce que tu obtiens :<\/h4>\n<ul>\n<li>D\u00e9but : lundi ; fin : vendredi ; 1 session par jour (sous r\u00e9serve de modification selon les conditions m\u00e9t\u00e9o et de houle)<\/li>\n<li>Au total, 3 sessions pratiques de 1,5 heure (\u00e9chauffement, surf, retour\/feedback), accompagn\u00e9es d\u2019un enseignement th\u00e9orique<\/li>\n<\/ul>\n","protected":false},"excerpt":{"rendered":"<p>Le petit stage d\u2019une demi-journ\u00e9e<\/p>\n","protected":false},"featured_media":6416,"template":"","meta":[],"product_cat":[99,98,95],"product_tag":[],"class_list":{"0":"post-9132","1":"product","2":"type-product","3":"status-publish","4":"has-post-thumbnail","6":"product_cat-basse-saison","7":"product_cat-cours","8":"product_cat-pleine-saison","10":"first","11":"instock","12":"virtual","13":"sold-individually","14":"taxable","15":"purchasable","16":"product-type-booking"},"_links":{"self":[{"href":"https:\/\/www.backwash-surfcamp.de\/fr\/wp-json\/wp\/v2\/product\/9132","targetHints":{"allow":["GET"]}}],"collection":[{"href":"https:\/\/www.backwash-surfcamp.de\/fr\/wp-json\/wp\/v2\/product"}],"about":[{"href":"https:\/\/www.backwash-surfcamp.de\/fr\/wp-json\/wp\/v2\/types\/product"}],"wp:featuredmedia":[{"embeddable":true,"href":"https:\/\/www.backwash-surfcamp.de\/fr\/wp-json\/wp\/v2\/media\/6416"}],"wp:attachment":[{"href":"https:\/\/www.backwash-surfcamp.de\/fr\/wp-json\/wp\/v2\/media?parent=9132"}],"wp:term":[{"taxonomy":"product_cat","embeddable":true,"href":"https:\/\/www.backwash-surfcamp.de\/fr\/wp-json\/wp\/v2\/product_cat?post=9132"},{"taxonomy":"product_tag","embeddable":true,"href":"https:\/\/www.backwash-surfcamp.de\/fr\/wp-json\/wp\/v2\/product_tag?post=9132"}],"curies":[{"name":"wp","href":"https:\/\/api.w.org\/{rel}","templated":true}]}}