{"id":6640,"date":"2021-03-07T10:44:27","date_gmt":"2021-03-07T10:44:27","guid":{"rendered":"https:\/\/www.backwash-surfcamp.de\/produkt\/intensive-3-jours\/"},"modified":"2025-01-02T20:43:08","modified_gmt":"2025-01-02T20:43:08","slug":"intensive-3-jours","status":"publish","type":"product","link":"https:\/\/www.backwash-surfcamp.de\/fr\/produkt\/intensive-3-jours\/","title":{"rendered":"Intensive &#8211; 3 jours"},"content":{"rendered":"<p>Le petit cours pour tous ceux qui veulent progresser rapidement. Trois jours avec deux s\u00e9ances dans l&rsquo;eau par jour et une th\u00e9orie compl\u00e9mentaire.<br \/> Le cours intensif est disponible pour les d\u00e9butants comme pour les surfeurs avanc\u00e9s.<\/p>\n<p><strong>Pour les d\u00e9butants<br \/><\/strong> En tant que d\u00e9butant, nous commen\u00e7ons par des glissades dans l&rsquo;eau blanche et progressons pas \u00e0 pas jusqu&rsquo;au take-off. Dans les sessions th\u00e9oriques, nous expliquons les bases du surf et les interactions fondamentales dans l&rsquo;oc\u00e9an.<\/p>\n<p><strong>Pour les surfeurs avanc\u00e9s<br \/><\/strong> Si vous avez d\u00e9j\u00e0 suivi un cours de surf, vous pouvez rafra\u00eechir et approfondir vos comp\u00e9tences avec nous. Nos coachs vous accompagnent individuellement, vous aident \u00e0 choisir les vagues, vous montrent comment surfer des vagues vertes ou vous guident dans vos premi\u00e8res man\u0153uvres.<\/p>\n<p>Les progr\u00e8s d&rsquo;apprentissage sont, bien s\u00fbr, toujours individuels.<\/p>\n<p>&nbsp;<\/p>\n<h4>Ce que vous obtenez :<\/h4>\n<ul>\n<li>D\u00e9but : lundi ; Fin : mercredi ; 2 s\u00e9ances par jour (sous r\u00e9serve de modifications en fonction des conditions m\u00e9t\u00e9orologiques et des vagues)<\/li>\n<li>Un total de 6 s\u00e9ances pratiques de 1h30 chacune (\u00e9chauffement, surf, retour d&rsquo;exp\u00e9rience inclus), et 3 s\u00e9ances th\u00e9oriques (entre 15 et 50 minutes chacune)<\/li>\n<\/ul>\n","protected":false},"excerpt":{"rendered":"<p>Notre petit cours \u00e0 la journ\u00e9e<\/p>\n","protected":false},"featured_media":6424,"template":"","meta":[],"product_cat":[99,98,95],"product_tag":[],"class_list":{"0":"post-6640","1":"product","2":"type-product","3":"status-publish","4":"has-post-thumbnail","6":"product_cat-basse-saison","7":"product_cat-cours","8":"product_cat-pleine-saison","10":"first","11":"instock","12":"virtual","13":"sold-individually","14":"taxable","15":"purchasable","16":"product-type-booking"},"_links":{"self":[{"href":"https:\/\/www.backwash-surfcamp.de\/fr\/wp-json\/wp\/v2\/product\/6640","targetHints":{"allow":["GET"]}}],"collection":[{"href":"https:\/\/www.backwash-surfcamp.de\/fr\/wp-json\/wp\/v2\/product"}],"about":[{"href":"https:\/\/www.backwash-surfcamp.de\/fr\/wp-json\/wp\/v2\/types\/product"}],"wp:featuredmedia":[{"embeddable":true,"href":"https:\/\/www.backwash-surfcamp.de\/fr\/wp-json\/wp\/v2\/media\/6424"}],"wp:attachment":[{"href":"https:\/\/www.backwash-surfcamp.de\/fr\/wp-json\/wp\/v2\/media?parent=6640"}],"wp:term":[{"taxonomy":"product_cat","embeddable":true,"href":"https:\/\/www.backwash-surfcamp.de\/fr\/wp-json\/wp\/v2\/product_cat?post=6640"},{"taxonomy":"product_tag","embeddable":true,"href":"https:\/\/www.backwash-surfcamp.de\/fr\/wp-json\/wp\/v2\/product_tag?post=6640"}],"curies":[{"name":"wp","href":"https:\/\/api.w.org\/{rel}","templated":true}]}}