{"id":6710,"date":"2024-03-19T09:26:09","date_gmt":"2024-03-19T09:26:09","guid":{"rendered":"https:\/\/www.backwash-surfcamp.de\/verleih\/"},"modified":"2025-01-08T16:07:17","modified_gmt":"2025-01-08T16:07:17","slug":"verleih","status":"publish","type":"page","link":"https:\/\/www.backwash-surfcamp.de\/fr\/verleih\/","title":{"rendered":"Verleih"},"content":{"rendered":"<div id=\"pl-6710\"  class=\"panel-layout\" ><div id=\"pg-6710-0\"  class=\"panel-grid panel-no-style\" ><div id=\"pgc-6710-0-0\"  class=\"panel-grid-cell\" ><div id=\"panel-6710-0-0-0\" class=\"so-panel widget widget_the-editor panel-first-child\" data-index=\"0\" ><div\n\t\t\t\n\t\t\tclass=\"so-widget-the-editor so-widget-the-editor-base\"\n\t\t\t\n\t\t><div class=\"text-widget \">\n\t<h1 style=\"text-align: center;\">Location de mat\u00e9riel<\/h1>\n<p>Notre service de location propose une large gamme d\u2019\u00e9quipements pour les sports nautiques, notamment des planches de surf de diff\u00e9rentes tailles (softboards et hybrid hardboards), des stand-up paddleboards, des bodyboards, et bien s\u00fbr, des combinaisons de plong\u00e9e.<\/p>\n<\/div>\n<\/div><\/div><div id=\"panel-6710-0-0-1\" class=\"so-panel widget widget_the-hr-widget\" data-index=\"1\" ><div\n\t\t\t\n\t\t\tclass=\"so-widget-the-hr-widget so-widget-the-hr-widget-base\"\n\t\t\t\n\t\t><div class=\"hr\"><\/div>\n<\/div><\/div><div id=\"panel-6710-0-0-2\" class=\"so-panel widget widget_the-editor\" data-index=\"2\" ><div\n\t\t\t\n\t\t\tclass=\"so-widget-the-editor so-widget-the-editor-base\"\n\t\t\t\n\t\t><div class=\"text-widget \">\n\t\n<table id=\"tablepress-9\" class=\"tablepress tablepress-id-9\">\n<tbody class=\"row-striping row-hover\">\n<tr class=\"row-1\">\n\t<td class=\"column-1\"><\/td><td class=\"column-2\">1 Jour<\/td><td class=\"column-3\">2 Jours<\/td><td class=\"column-4\">3 Jours<\/td><td class=\"column-5\">4 Jours<\/td><td class=\"column-6\">5 Jours<\/td>\n<\/tr>\n<tr class=\"row-2\">\n\t<td class=\"column-1\">Planche de surf<\/td><td class=\"column-2\">\u20ac 35<\/td><td class=\"column-3\">\u20ac 60<\/td><td class=\"column-4\">\u20ac 85<\/td><td class=\"column-5\">\u20ac 110<\/td><td class=\"column-6\">\u20ac 130<\/td>\n<\/tr>\n<tr class=\"row-3\">\n\t<td class=\"column-1\">Combinaison en n\u00e9opr\u00e8ne<\/td><td class=\"column-2\">\u20ac 15<\/td><td class=\"column-3\">\u20ac 20<\/td><td class=\"column-4\">\u20ac 25<\/td><td class=\"column-5\">\u20ac 40<\/td><td class=\"column-6\">\u20ac 55<\/td>\n<\/tr>\n<tr class=\"row-4\">\n\t<td class=\"column-1\">Planche de surf &amp; combinaison en n\u00e9opr\u00e8ne<\/td><td class=\"column-2\">\u20ac 45<\/td><td class=\"column-3\">\u20ac 75<\/td><td class=\"column-4\">\u20ac 100<\/td><td class=\"column-5\">\u20ac 135<\/td><td class=\"column-6\">\u20ac 165<\/td>\n<\/tr>\n<\/tbody>\n<\/table>\n<!-- #tablepress-9 from cache -->\n<\/div>\n<\/div><\/div><div id=\"panel-6710-0-0-3\" class=\"so-panel widget widget_the-hr-widget\" data-index=\"3\" ><div\n\t\t\t\n\t\t\tclass=\"so-widget-the-hr-widget so-widget-the-hr-widget-base\"\n\t\t\t\n\t\t><div class=\"hr\"><\/div>\n<\/div><\/div><div id=\"panel-6710-0-0-4\" class=\"so-panel widget widget_the-editor panel-last-child\" data-index=\"4\" ><div\n\t\t\t\n\t\t\tclass=\"so-widget-the-editor so-widget-the-editor-base\"\n\t\t\t\n\t\t><div class=\"text-widget \">\n\t<p>La location est situ\u00e9e au centre du camping Sandaya Le Truc Vert, tout comme notre \u00e9cole de surf. <a href=\"https:\/\/www.backwash-surfcamp.de\/faq\/\">Voici l'emplacement exact<\/a>.<\/p>\n<\/div>\n<\/div><\/div><\/div><\/div><\/div>","protected":false},"excerpt":{"rendered":"<p>Location de mat\u00e9riel Notre service de location propose une large gamme d\u2019\u00e9quipements pour les sports nautiques, notamment des planches de surf de diff\u00e9rentes tailles (softboards et hybrid hardboards), des stand-up paddleboards, des bodyboards, et bien s\u00fbr, des combinaisons de plong\u00e9e. 1 Jour2 Jours3 Jours4 Jours5 Jours Planche de surf\u20ac 35\u20ac 60\u20ac 85\u20ac 110\u20ac 130 Combinaison [&hellip;]<\/p>\n","protected":false},"author":1,"featured_media":0,"parent":0,"menu_order":0,"comment_status":"closed","ping_status":"closed","template":"","meta":{"footnotes":""},"class_list":["post-6710","page","type-page","status-publish","hentry"],"_links":{"self":[{"href":"https:\/\/www.backwash-surfcamp.de\/fr\/wp-json\/wp\/v2\/pages\/6710","targetHints":{"allow":["GET"]}}],"collection":[{"href":"https:\/\/www.backwash-surfcamp.de\/fr\/wp-json\/wp\/v2\/pages"}],"about":[{"href":"https:\/\/www.backwash-surfcamp.de\/fr\/wp-json\/wp\/v2\/types\/page"}],"author":[{"embeddable":true,"href":"https:\/\/www.backwash-surfcamp.de\/fr\/wp-json\/wp\/v2\/users\/1"}],"replies":[{"embeddable":true,"href":"https:\/\/www.backwash-surfcamp.de\/fr\/wp-json\/wp\/v2\/comments?post=6710"}],"version-history":[{"count":3,"href":"https:\/\/www.backwash-surfcamp.de\/fr\/wp-json\/wp\/v2\/pages\/6710\/revisions"}],"predecessor-version":[{"id":6855,"href":"https:\/\/www.backwash-surfcamp.de\/fr\/wp-json\/wp\/v2\/pages\/6710\/revisions\/6855"}],"wp:attachment":[{"href":"https:\/\/www.backwash-surfcamp.de\/fr\/wp-json\/wp\/v2\/media?parent=6710"}],"curies":[{"name":"wp","href":"https:\/\/api.w.org\/{rel}","templated":true}]}}