{"id":6701,"date":"2024-03-26T15:09:08","date_gmt":"2024-03-26T15:09:08","guid":{"rendered":"https:\/\/www.backwash-surfcamp.de\/coaching\/"},"modified":"2025-01-05T13:40:03","modified_gmt":"2025-01-05T13:40:03","slug":"coaching","status":"publish","type":"page","link":"https:\/\/www.backwash-surfcamp.de\/fr\/coaching\/","title":{"rendered":"Coaching"},"content":{"rendered":"<div id=\"pl-6701\"  class=\"panel-layout\" ><div id=\"pg-6701-0\"  class=\"panel-grid panel-no-style\" ><div id=\"pgc-6701-0-0\"  class=\"panel-grid-cell\" ><div id=\"panel-6701-0-0-0\" class=\"so-panel widget widget_the-editor panel-first-child\" data-index=\"0\" ><div\n\t\t\t\n\t\t\tclass=\"so-widget-the-editor so-widget-the-editor-base\"\n\t\t\t\n\t\t><div class=\"text-widget \">\n\t<h1 style=\"text-align: center;\">Surf Coaching<\/h1>\n<h3>Pour toi. Enti\u00e8rement personnalis\u00e9. Avec effet.<\/h3>\n<p>Peur de l\u2019eau, exp\u00e9riences n\u00e9gatives dans le pass\u00e9, premier virage ou \u00e9l\u00e9gant cross-stepping vers le nose \u2013 les motivations peuvent \u00eatre tr\u00e8s vari\u00e9es. Que ce soit en session individuelle ou en cours privatis\u00e9 pour un petit groupe, ton coach d\u00e9finira avec toi les objectifs et intentions avant de commencer, afin que le coaching soit enti\u00e8rement adapt\u00e9 \u00e0 tes besoins.<\/p>\n<h3><strong>Pourquoi choisir un coaching?<\/strong><\/h3>\n<ol>\n<li><strong>Un accompagnement sur mesure: <\/strong>Lors d\u2019un coaching priv\u00e9, tu b\u00e9n\u00e9ficies d\u2019un suivi personnalis\u00e9 qui r\u00e9pond \u00e0 tes besoins sp\u00e9cifiques et \u00e0 ton niveau. Le coach se concentre exclusivement sur toi, offrant des retours pr\u00e9cis et des conseils cibl\u00e9s pour am\u00e9liorer ta technique de surf.<\/li>\n<li><strong>Motivation et soutien personnels: <\/strong>Le coaching priv\u00e9 ne se limite pas \u00e0 l\u2019aspect technique, il inclut \u00e9galement un accompagnement motivant et encourageant. Ton coach t\u2019aidera \u00e0 repousser tes limites, \u00e0 renforcer ta confiance en toi et \u00e0 surmonter les barri\u00e8res mentales qui pourraient freiner tes progr\u00e8s<strong>.<\/strong><\/li>\n<li><strong>Perfectionnement des techniques avanc\u00e9es: <\/strong>Si tu ma\u00eetrises d\u00e9j\u00e0 les bases du surf, un coaching priv\u00e9 peut t\u2019aider \u00e0 travailler sur des techniques plus avanc\u00e9es et \u00e0 les perfectionner. Ton coach pourra se concentrer sur des aspects sp\u00e9cifiques, comme g\u00e9n\u00e9rer de la vitesse, am\u00e9liorer les virages, ou travailler le longboarding, pour \u00e9lever tes comp\u00e9tences \u00e0 un niveau sup\u00e9rieur.<\/li>\n<li><strong>Flexibilit\u00e9 et adaptabilit\u00e9: <\/strong>Les coachings priv\u00e9s offrent souvent une plus grande flexibilit\u00e9 en termes d\u2019horaires et de lieux. Tu peux programmer les sessions en fonction de tes disponibilit\u00e9s et explorer diff\u00e9rents spots pour te familiariser avec des conditions vari\u00e9es et apprendre \u00e0 les ma\u00eetriser.<\/li>\n<\/ol>\n<p>Un coaching priv\u00e9 est un investissement pr\u00e9cieux pour am\u00e9liorer tes comp\u00e9tences en surf et vivre une exp\u00e9rience d\u2019apprentissage plus intense et personnalis\u00e9e.<\/p>\n<p>P.S. C\u2019est aussi un cadeau parfait pour ton\/ta partenaire surfeur\u00b7se, ami\u00b7e surfeur\u00b7se, ou tout passionn\u00e9 de surf.<\/p>\n<\/div>\n<\/div><\/div><div id=\"panel-6701-0-0-1\" class=\"so-panel widget widget_the-hr-widget\" data-index=\"1\" ><div\n\t\t\t\n\t\t\tclass=\"so-widget-the-hr-widget so-widget-the-hr-widget-base\"\n\t\t\t\n\t\t><div class=\"hr\"><\/div>\n<\/div><\/div><div id=\"panel-6701-0-0-2\" class=\"so-panel widget widget_the-editor panel-last-child\" data-index=\"2\" ><div\n\t\t\t\n\t\t\tclass=\"so-widget-the-editor so-widget-the-editor-base\"\n\t\t\t\n\t\t><div class=\"text-widget \">\n\t<h3>Tarifs<\/h3>\n<p>&nbsp;<\/p>\n<ul>\n<li>Session individuelle pour 1 personne : 95 \u20ac<\/li>\n<li>Session individuelle pour 2 personnes : 160 \u20ac<\/li>\n<li>Session individuelle pour 3 personnes : 195 \u20ac<\/li>\n<\/ul>\n<p>&nbsp;<\/p>\n<p>Les prix des coachings varient en fonction du nombre de sessions et de participants. Pour un devis personnalis\u00e9, n\u2019h\u00e9site pas \u00e0 nous envoyer un <a href=\"https:\/\/www.backwash-surfcamp.de\/kontakt\/\">message<\/a>.<\/p>\n<\/div>\n<\/div><\/div><\/div><\/div><\/div>","protected":false},"excerpt":{"rendered":"<p>Surf Coaching Pour toi. Enti\u00e8rement personnalis\u00e9. Avec effet. Peur de l\u2019eau, exp\u00e9riences n\u00e9gatives dans le pass\u00e9, premier virage ou \u00e9l\u00e9gant cross-stepping vers le nose \u2013 les motivations peuvent \u00eatre tr\u00e8s vari\u00e9es. Que ce soit en session individuelle ou en cours privatis\u00e9 pour un petit groupe, ton coach d\u00e9finira avec toi les objectifs et intentions avant [&hellip;]<\/p>\n","protected":false},"author":1,"featured_media":0,"parent":0,"menu_order":0,"comment_status":"closed","ping_status":"closed","template":"","meta":{"footnotes":""},"class_list":["post-6701","page","type-page","status-publish","hentry"],"_links":{"self":[{"href":"https:\/\/www.backwash-surfcamp.de\/fr\/wp-json\/wp\/v2\/pages\/6701","targetHints":{"allow":["GET"]}}],"collection":[{"href":"https:\/\/www.backwash-surfcamp.de\/fr\/wp-json\/wp\/v2\/pages"}],"about":[{"href":"https:\/\/www.backwash-surfcamp.de\/fr\/wp-json\/wp\/v2\/types\/page"}],"author":[{"embeddable":true,"href":"https:\/\/www.backwash-surfcamp.de\/fr\/wp-json\/wp\/v2\/users\/1"}],"replies":[{"embeddable":true,"href":"https:\/\/www.backwash-surfcamp.de\/fr\/wp-json\/wp\/v2\/comments?post=6701"}],"version-history":[{"count":2,"href":"https:\/\/www.backwash-surfcamp.de\/fr\/wp-json\/wp\/v2\/pages\/6701\/revisions"}],"predecessor-version":[{"id":6706,"href":"https:\/\/www.backwash-surfcamp.de\/fr\/wp-json\/wp\/v2\/pages\/6701\/revisions\/6706"}],"wp:attachment":[{"href":"https:\/\/www.backwash-surfcamp.de\/fr\/wp-json\/wp\/v2\/media?parent=6701"}],"curies":[{"name":"wp","href":"https:\/\/api.w.org\/{rel}","templated":true}]}}