{"id":6642,"date":"2021-01-29T12:08:21","date_gmt":"2021-01-29T12:08:21","guid":{"rendered":"https:\/\/www.backwash-surfcamp.de\/startseite\/"},"modified":"2025-07-29T05:20:37","modified_gmt":"2025-07-29T05:20:37","slug":"startseite","status":"publish","type":"page","link":"https:\/\/www.backwash-surfcamp.de\/fr\/","title":{"rendered":"Startseite"},"content":{"rendered":"<div id=\"pl-6642\"  class=\"panel-layout\" ><div id=\"pg-6642-0\"  class=\"panel-grid panel-no-style\" ><div id=\"pgc-6642-0-0\"  class=\"panel-grid-cell\" ><div id=\"panel-6642-0-0-0\" class=\"so-panel widget widget_the-image panel-first-child\" data-index=\"0\" ><div class=\"panel-widget-style panel-widget-style-for-6642-0-0-0\" ><div\n\t\t\t\n\t\t\tclass=\"so-widget-the-image so-widget-the-image-default-17bc2272b535-6642\"\n\t\t\t\n\t\t>\n\n<div class=\"sow-image-container\">\n\t<img decoding=\"async\" src=\"https:\/\/www.backwash-surfcamp.de\/wp-content\/uploads\/2024\/03\/headline-1-1.svg\" title=\"headline\" alt=\"\" \t\tclass=\"so-widget-image\"\/>\n<\/div>\n\n<\/div><\/div><\/div><div id=\"panel-6642-0-0-1\" class=\"so-panel widget widget_the-editor\" data-index=\"1\" ><div\n\t\t\t\n\t\t\tclass=\"so-widget-the-editor so-widget-the-editor-base\"\n\t\t\t\n\t\t><div class=\"text-widget \">\n\t<div style=\"text-align:center\"><a href=\"https:\/\/www.backwash-surfcamp.de\/kurse\/\" style=\"display:inline-block;font-family: 'Montserrat', sans-serif; font-size: 15px; font-weight: 900; text-decoration: none; color: #ffffff;background-color: #7eb5b5; padding: 3px 11px;letter-spacing: 0.06em;\">R\u00e9server des cours <span>&#9656;<\/span><\/a><\/div>\n<\/div>\n<\/div><\/div><div id=\"panel-6642-0-0-2\" class=\"so-panel widget widget_the-hr-widget\" data-index=\"2\" ><div\n\t\t\t\n\t\t\tclass=\"so-widget-the-hr-widget so-widget-the-hr-widget-base\"\n\t\t\t\n\t\t><div class=\"hr\"><\/div>\n<\/div><\/div><div id=\"panel-6642-0-0-3\" class=\"so-panel widget widget_the-editor\" data-index=\"3\" ><div\n\t\t\t\n\t\t\tclass=\"so-widget-the-editor so-widget-the-editor-base\"\n\t\t\t\n\t\t><div class=\"text-widget \">\n\t<h3 style=\"text-align: center;\"><strong>Bienvenue chez Backwash !<\/strong><\/h3>\n<p>Depuis plus de 20 ans, nous surfons \u00e0 Truc Vert \u2013 et nous aimons chaque jour pass\u00e9 ici. Ce que nous aimons encore plus, c'est partager notre passion pour les vagues avec vous. Que vous soyez petit ou grand, jeune ou moins jeune, d\u00e9butant(e) absolu(e) ou d\u00e9j\u00e0 passionn\u00e9(e), nous vous accompagnons sur votre planche de surf.<\/p>\n<p>Notre \u00e9cole de surf est situ\u00e9e dans l\u2019un des plus beaux endroits pour les amateurs de sports nautiques : sur la magnifique presqu\u2019\u00eele de Cap Ferret, entre l\u2019Atlantique majestueux et le pittoresque Bassin d\u2019Arcachon. \u00c0 seulement une heure de la m\u00e9tropole bordelaise, vous y trouverez une nature pr\u00e9serv\u00e9e, du calme, de l\u2019air frais et beaucoup d\u2019espace sur la plage et dans l\u2019eau.<\/p>\n<p>Juste derri\u00e8re la dune, au c\u0153ur de la for\u00eat de pins et rattach\u00e9e au camping <a href=\"https:\/\/www.sandaya.fr\/nos-campings\/le-truc-vert\">Sandaya Truc Vert<\/a>, se trouve notre \u00e9cole de surf avec service de location.<\/p>\n<\/div>\n<\/div><\/div><div id=\"panel-6642-0-0-4\" class=\"so-panel widget widget_the-video-widget\" data-index=\"4\" ><div\n\t\t\t\n\t\t\tclass=\"so-widget-the-video-widget so-widget-the-video-widget-base\"\n\t\t\t\n\t\t><div class=\"the-big-size promo\">\n\t<video width=\"100%\" height=\"auto\" loop mute id=\"promovideo\" poster=\"https:\/\/www.backwash-surfcamp.de\/wp-content\/themes\/backwash\/videos\/poster.jpg\">\n\t\t<source media=\"(min-width:444px)\" src=\"https:\/\/www.backwash-surfcamp.de\/wp-content\/themes\/backwash\/videos\/sunrise-surf.mp4\" type=\"video\/mp4\">\n\t\t<source media=\"(min-width:444px)\" src=\"https:\/\/www.backwash-surfcamp.de\/wp-content\/themes\/backwash\/videos\/sunrise-surf.webm\" type=\"video\/webm\"> \n\t\t<source src=\"https:\/\/www.backwash-surfcamp.de\/wp-content\/themes\/backwash\/videos\/sunrise-surf-small.mp4\" type=\"video\/mp4\">\n\t\t<source  src=\"https:\/\/www.backwash-surfcamp.de\/wp-content\/themes\/backwash\/videos\/sunrise-surf-small.webm\" type=\"video\/webm\">\n\t<\/video>\n<\/div>\n<script>\n\tif (window.innerWidth < 440) { \n\t\tdocument.getElementById(\"promovideo\").controls = true;\n\t} else {\n\t\tdocument.getElementById(\"promovideo\").autoplay = true;\n\t\t\n\t\tjQuery( document ).ready(function($) {\n\t\t    $('#promovideo').click(function() {\n\t\t        this.paused ? this.play() : this.pause();\n\t\t    });\n\t\t});\n\t}\n\t\n\n\n<\/script><\/div><\/div><div id=\"panel-6642-0-0-5\" class=\"so-panel widget widget_the-hr-widget\" data-index=\"5\" ><div\n\t\t\t\n\t\t\tclass=\"so-widget-the-hr-widget so-widget-the-hr-widget-base\"\n\t\t\t\n\t\t><div class=\"hr\"><\/div>\n<\/div><\/div><div id=\"panel-6642-0-0-6\" class=\"so-panel widget widget_the-products-widget\" data-index=\"6\" ><div\n\t\t\t\n\t\t\tclass=\"so-widget-the-products-widget so-widget-the-products-widget-base\"\n\t\t\t\n\t\t> <div class=\"the-offers\"><div><h2 style=\"text-align: center;\">Nos cours<\/h2>\n<p style=\"text-align: center;\">Vous passez vos vacances au camping <a href=\"https:\/\/www.sandaya.fr\/nos-campings\/le-truc-vert\">Sandaya Truc Vert<\/a>, au Cap Ferret ou aux alentours du Bassin d\u2019Arcachon, et vous avez envie de vous jeter \u00e0 l\u2019eau? R\u00e9servez un cours avec nous.<\/p>\n<p style=\"text-align: center;\"><strong>Si la date souhait\u00e9e est compl\u00e8te, n\u2019h\u00e9sitez pas \u00e0 nous \u00e9crire. Nous ferons de notre mieux pour vous trouver une solution.<\/strong><br \/>\n<a href=\"https:\/\/www.backwash-surfcamp.de\/anfrage\/\">\u1405 \u00c9crivez-nous<\/a><\/p>\n<\/div><div class=\"hr\"><\/div><div class=\"the-offers-container  swiper-container\"><div class=\"the-offers-content swiper-wrapper\"><a href=\"https:\/\/www.backwash-surfcamp.de\/fr\/produkt\/6638\/\" class=\"the-offers-content-item swiper-slide\"><img decoding=\"async\" src=\"https:\/\/www.backwash-surfcamp.de\/wp-content\/uploads\/2021\/03\/intensiv-5-1.svg\"  style=\"margin: 11px auto 0 auto; width: 174px; height: 174px;\"><span class=\"the-offers-wrapper\"><h4 class=\"the-offers-h\" style=\"line-height: 26px;padding: 7px 0;\">Intensive <br> 5 jours<\/h4><span class=\"the-offers-price\"><span style=\"font-weight:400;\">\u00e0 partir de <\/span><br><span style=\"font-size:1.4em;\"><span class=\"woocommerce-Price-amount amount\"><bdi>335,00&nbsp;<span class=\"woocommerce-Price-currencySymbol\">&euro;<\/span><\/bdi><\/span><\/span><\/span><p class=\"wc-gzd-additional-info tax-info\">incl. VAT<\/p><span class=\"the-offers-text\" style=\"margin-top:12px;margin-botton:6px;\">Notre cours \u00e0 la journ\u00e9e<\/span><\/span><\/a><a href=\"https:\/\/www.backwash-surfcamp.de\/fr\/produkt\/intensive-3-jours\/\" class=\"the-offers-content-item swiper-slide\"><img decoding=\"async\" src=\"https:\/\/www.backwash-surfcamp.de\/wp-content\/uploads\/2021\/03\/intensiv-3-1.svg\"  style=\"margin: 11px auto 0 auto; width: 174px; height: 174px;\"><span class=\"the-offers-wrapper\"><h4 class=\"the-offers-h\" style=\"line-height: 26px;padding: 7px 0;\">Intensive <br> 3 jours<\/h4><span class=\"the-offers-price\"><span style=\"font-weight:400;\">\u00e0 partir de <\/span><br><span style=\"font-size:1.4em;\"><span class=\"woocommerce-Price-amount amount\"><bdi>235,00&nbsp;<span class=\"woocommerce-Price-currencySymbol\">&euro;<\/span><\/bdi><\/span><\/span><\/span><p class=\"wc-gzd-additional-info tax-info\">incl. VAT<\/p><span class=\"the-offers-text\" style=\"margin-top:12px;margin-botton:6px;\">Notre petit cours \u00e0 la journ\u00e9e<\/span><\/span><\/a><a href=\"https:\/\/www.backwash-surfcamp.de\/fr\/produkt\/basic-5-jours\/\" class=\"the-offers-content-item swiper-slide\"><img decoding=\"async\" src=\"https:\/\/www.backwash-surfcamp.de\/wp-content\/uploads\/2021\/03\/basic-5-1.svg\"  style=\"margin: 11px auto 0 auto; width: 174px; height: 174px;\"><span class=\"the-offers-wrapper\"><h4 class=\"the-offers-h\" style=\"line-height: 26px;padding: 7px 0;\">Basic <br> 5 jours<\/h4><span class=\"the-offers-price\"><span style=\"font-weight:400;\">\u00e0 partir de <\/span><br><span style=\"font-size:1.4em;\"><span class=\"woocommerce-Price-amount amount\"><bdi>215,00&nbsp;<span class=\"woocommerce-Price-currencySymbol\">&euro;<\/span><\/bdi><\/span><\/span><\/span><p class=\"wc-gzd-additional-info tax-info\">incl. VAT<\/p><span class=\"the-offers-text\" style=\"margin-top:12px;margin-botton:6px;\">Notre cours \u00e0 la demi-journ\u00e9e<\/span><\/span><\/a><a href=\"https:\/\/www.backwash-surfcamp.de\/fr\/produkt\/basic-5-jours-kopie\/\" class=\"the-offers-content-item swiper-slide\"><img decoding=\"async\" src=\"https:\/\/www.backwash-surfcamp.de\/wp-content\/uploads\/2021\/03\/basic-3-1.svg\"  style=\"margin: 11px auto 0 auto; width: 174px; height: 174px;\"><span class=\"the-offers-wrapper\"><h4 class=\"the-offers-h\" style=\"line-height: 26px;padding: 7px 0;\">Basic <br> 3 jours<\/h4><span class=\"the-offers-price\"><span style=\"font-weight:400;\">\u00e0 partir de <\/span><br><span style=\"font-size:1.4em;\"><span class=\"woocommerce-Price-amount amount\"><bdi>155,00&nbsp;<span class=\"woocommerce-Price-currencySymbol\">&euro;<\/span><\/bdi><\/span><\/span><\/span><p class=\"wc-gzd-additional-info tax-info\">incl. VAT<\/p><span class=\"the-offers-text\" style=\"margin-top:12px;margin-botton:6px;\">Le petit stage d\u2019une demi-journ\u00e9e<\/span><\/span><\/a><\/div><\/div><\/div><\/div><\/div><div id=\"panel-6642-0-0-7\" class=\"so-panel widget widget_the-hr-widget\" data-index=\"7\" ><div\n\t\t\t\n\t\t\tclass=\"so-widget-the-hr-widget so-widget-the-hr-widget-base\"\n\t\t\t\n\t\t><div class=\"hr\"><\/div>\n<\/div><\/div><div id=\"panel-6642-0-0-8\" class=\"so-panel widget widget_the-editor\" data-index=\"8\" ><div\n\t\t\t\n\t\t\tclass=\"so-widget-the-editor so-widget-the-editor-base\"\n\t\t\t\n\t\t><div class=\"text-widget \">\n\t<h2 style=\"text-align: center;\">Truc Vert &amp; Cap Ferret \u2013 des lieux magiques<\/h2>\n<\/div>\n<\/div><\/div><div id=\"panel-6642-0-0-9\" class=\"so-panel widget widget_the-editor\" data-index=\"9\" ><div\n\t\t\t\n\t\t\tclass=\"so-widget-the-editor so-widget-the-editor-base\"\n\t\t\t\n\t\t><div class=\"text-widget \">\n\t<p>Les habitu\u00e9s aiment appeler le Truc Vert \u00ab<strong> la for\u00eat enchant\u00e9e<\/strong> \u00bb. Camper \u00e0 l\u2019abri des pins parfum\u00e9s, o\u00f9 tentes et caravanes n\u2019ont pas encore \u00e9t\u00e9 remplac\u00e9es par des mobil-homes \u2013 et cela restera ainsi !<\/p>\n<\/div>\n<\/div><\/div><div id=\"panel-6642-0-0-10\" class=\"so-panel widget widget_the-image\" data-index=\"10\" ><div\n\t\t\t\n\t\t\tclass=\"so-widget-the-image so-widget-the-image-default-d6014b76747a-6642\"\n\t\t\t\n\t\t>\n\n<div class=\"sow-image-container\">\n\t<img loading=\"lazy\" decoding=\"async\" src=\"https:\/\/www.backwash-surfcamp.de\/wp-content\/uploads\/2021\/04\/Camp_Sunrise-scaled-1.jpg\" width=\"2560\" height=\"1920\" srcset=\"https:\/\/www.backwash-surfcamp.de\/wp-content\/uploads\/2021\/04\/Camp_Sunrise-scaled-1.jpg 2560w, https:\/\/www.backwash-surfcamp.de\/wp-content\/uploads\/2021\/04\/Camp_Sunrise-scaled-1-300x225.jpg 300w, https:\/\/www.backwash-surfcamp.de\/wp-content\/uploads\/2021\/04\/Camp_Sunrise-scaled-1-1024x768.jpg 1024w, https:\/\/www.backwash-surfcamp.de\/wp-content\/uploads\/2021\/04\/Camp_Sunrise-scaled-1-768x576.jpg 768w, https:\/\/www.backwash-surfcamp.de\/wp-content\/uploads\/2021\/04\/Camp_Sunrise-scaled-1-1536x1152.jpg 1536w, https:\/\/www.backwash-surfcamp.de\/wp-content\/uploads\/2021\/04\/Camp_Sunrise-scaled-1-2048x1536.jpg 2048w\" sizes=\"auto, (max-width: 2560px) 100vw, 2560px\" title=\"Camp_Sunrise\" alt=\"\" \t\tclass=\"so-widget-image\"\/>\n<\/div>\n\n<\/div><\/div><div id=\"panel-6642-0-0-11\" class=\"so-panel widget widget_the-editor\" data-index=\"11\" ><div\n\t\t\t\n\t\t\tclass=\"so-widget-the-editor so-widget-the-editor-base\"\n\t\t\t\n\t\t><div class=\"text-widget \">\n\t<p>Se r\u00e9veiller sous la douce lumi\u00e8re du matin, berc\u00e9 par le bruit des vagues et le chant des cigales. Savourer des croissants chauds au petit-d\u00e9jeuner, attraper vos affaires de plage et vos planches de surf, puis passer une journ\u00e9e au bord de l\u2019oc\u00e9an. Le soir, d\u00e9guster des hu\u00eetres au Bassin, savourer un d\u00e9licieux d\u00eener au restaurant ou simplement profiter d\u2019un ap\u00e9ritif au coucher du soleil sur la plage. Entre mer, pins et tranquillit\u00e9, rechargez vos batteries pour plonger \u00e0 nouveau dans l\u2019eau d\u00e8s le lendemain.<\/p>\n<p>Sur le camping <a href=\"https:\/\/www.sandaya.fr\/nos-campings\/le-truc-vert\">4 \u00e9toiles Sandaya Truc Vert<\/a>, bien \u00e9quip\u00e9 avec cr\u00eaperie, bar, restaurant et supermarch\u00e9 avec boulangerie, vous pouvez s\u00e9journer confortablement et m\u00eame en toute autonomie, si vous le souhaitez. Situ\u00e9 juste derri\u00e8re la dune, le Truc Vert vous permet d\u2019acc\u00e9der en quelques minutes \u00e0 pied \u00e0 une longue plage de sable. M\u00eame en pleine saison, vous y trouverez suffisamment d\u2019espace pour profiter du bruit des vagues en toute s\u00e9r\u00e9nit\u00e9.<br \/>\n\u00c0 pied ou \u00e0 v\u00e9lo, gr\u00e2ce \u00e0 son emplacement unique, le camping est un point de d\u00e9part id\u00e9al pour explorer la presqu\u2019\u00eele et ses environs. Pour en savoir plus sur le camping, c\u2019est par ici !<\/p>\n<p>Outre notre passion pour le surf, <strong>Cap Ferret<\/strong> offre une multitude d'activit\u00e9s et de lieux \u00e0 d\u00e9couvrir qui rendront vos vacances inoubliables. Avant tout, Cap Ferret est un v\u00e9ritable paradis pour les amateurs de sports nautiques. En plus du surf, le stand-up paddle, le kitesurf et la voile y sont tr\u00e8s pris\u00e9s. Mais notre charmante presqu'\u00eele a aussi beaucoup \u00e0 offrir sur la terre ferme. La commune de L\u00e8ge-Cap Ferret est compos\u00e9e de 10 villages pittoresques, chacun avec son propre caract\u00e8re.<\/p>\n<\/div>\n<\/div><\/div><div id=\"panel-6642-0-0-12\" class=\"so-panel widget widget_the-image\" data-index=\"12\" ><div\n\t\t\t\n\t\t\tclass=\"so-widget-the-image so-widget-the-image-default-d6014b76747a-6642\"\n\t\t\t\n\t\t>\n\n<div class=\"sow-image-container\">\n\t<img loading=\"lazy\" decoding=\"async\" src=\"https:\/\/www.backwash-surfcamp.de\/wp-content\/uploads\/2021\/04\/Blick-aufs-Bassin-dArcachon-scaled-1.jpg\" width=\"2560\" height=\"1920\" srcset=\"https:\/\/www.backwash-surfcamp.de\/wp-content\/uploads\/2021\/04\/Blick-aufs-Bassin-dArcachon-scaled-1.jpg 2560w, https:\/\/www.backwash-surfcamp.de\/wp-content\/uploads\/2021\/04\/Blick-aufs-Bassin-dArcachon-scaled-1-300x225.jpg 300w, https:\/\/www.backwash-surfcamp.de\/wp-content\/uploads\/2021\/04\/Blick-aufs-Bassin-dArcachon-scaled-1-1024x768.jpg 1024w, https:\/\/www.backwash-surfcamp.de\/wp-content\/uploads\/2021\/04\/Blick-aufs-Bassin-dArcachon-scaled-1-768x576.jpg 768w, https:\/\/www.backwash-surfcamp.de\/wp-content\/uploads\/2021\/04\/Blick-aufs-Bassin-dArcachon-scaled-1-1536x1152.jpg 1536w, https:\/\/www.backwash-surfcamp.de\/wp-content\/uploads\/2021\/04\/Blick-aufs-Bassin-dArcachon-scaled-1-2048x1536.jpg 2048w\" sizes=\"auto, (max-width: 2560px) 100vw, 2560px\" title=\"Blick aufs Bassin d&rsquo;Arcachon\" alt=\"\" \t\tclass=\"so-widget-image\"\/>\n<\/div>\n\n<\/div><\/div><div id=\"panel-6642-0-0-13\" class=\"so-panel widget widget_the-editor\" data-index=\"13\" ><div\n\t\t\t\n\t\t\tclass=\"so-widget-the-editor so-widget-the-editor-base\"\n\t\t\t\n\t\t><div class=\"text-widget \">\n\t<p>\u00c0 proximit\u00e9 imm\u00e9diate, le paisible village de Piraillan vous accueille, notamment en haute saison, avec un march\u00e9 magnifique qui invite \u00e0 la fl\u00e2nerie. Juste \u00e0 c\u00f4t\u00e9, Le Canon, un village enchanteur avec ses cabanes de p\u00eacheurs traditionnelles et son atmosph\u00e8re d\u00e9tendue, m\u00e9rite une visite. Impossible de s\u00e9journer au Cap sans se promener dans les ruelles fleuries jusqu\u2019\u00e0 la jet\u00e9e pour admirer la majestueuse Dune du Pilat. Le village voisin, L'Herbe, est souvent consid\u00e9r\u00e9 comme le plus charmant. Avec ses nombreuses d\u00e9gustations d\u2019hu\u00eetres am\u00e9nag\u00e9es avec soin, vous pourrez d\u00e9couvrir la culture locale et savourer la cuisine marine de la r\u00e9gion.<br \/>\nLe centre de la vie du Cap est le village \u00e9l\u00e9gant de Le Ferret, o\u00f9 boutiques pittoresques, caf\u00e9s chaleureux et restaurants haut de gamme se c\u00f4toient pour le plaisir des visiteurs. Un passage incontournable est son march\u00e9 anim\u00e9, o\u00f9 l'on peut d\u00e9nicher des produits frais ainsi qu\u2019un souvenir de vacances. Apr\u00e8s une session shopping, installez-vous au Bistro Peyo pour d\u00e9guster des tapas accompagn\u00e9s d\u2019un verre de vin en admirant l\u2019animation environnante. Tout simplement parfait.<\/p>\n<\/div>\n<\/div><\/div><div id=\"panel-6642-0-0-14\" class=\"so-panel widget widget_the-image\" data-index=\"14\" ><div\n\t\t\t\n\t\t\tclass=\"so-widget-the-image so-widget-the-image-default-d6014b76747a-6642\"\n\t\t\t\n\t\t>\n\n<div class=\"sow-image-container\">\n\t<img loading=\"lazy\" decoding=\"async\" src=\"https:\/\/www.backwash-surfcamp.de\/wp-content\/uploads\/2021\/04\/Ausflugsziel_LHerbe-Dorfbrunnen-1.jpg\" width=\"2398\" height=\"1799\" srcset=\"https:\/\/www.backwash-surfcamp.de\/wp-content\/uploads\/2021\/04\/Ausflugsziel_LHerbe-Dorfbrunnen-1.jpg 2398w, https:\/\/www.backwash-surfcamp.de\/wp-content\/uploads\/2021\/04\/Ausflugsziel_LHerbe-Dorfbrunnen-1-300x225.jpg 300w, https:\/\/www.backwash-surfcamp.de\/wp-content\/uploads\/2021\/04\/Ausflugsziel_LHerbe-Dorfbrunnen-1-1024x768.jpg 1024w, https:\/\/www.backwash-surfcamp.de\/wp-content\/uploads\/2021\/04\/Ausflugsziel_LHerbe-Dorfbrunnen-1-768x576.jpg 768w, https:\/\/www.backwash-surfcamp.de\/wp-content\/uploads\/2021\/04\/Ausflugsziel_LHerbe-Dorfbrunnen-1-1536x1152.jpg 1536w, https:\/\/www.backwash-surfcamp.de\/wp-content\/uploads\/2021\/04\/Ausflugsziel_LHerbe-Dorfbrunnen-1-2048x1536.jpg 2048w\" sizes=\"auto, (max-width: 2398px) 100vw, 2398px\" title=\"Ausflugsziel_L&rsquo;Herbe Dorfbrunnen\" alt=\"\" \t\tclass=\"so-widget-image\"\/>\n<\/div>\n\n<\/div><\/div><div id=\"panel-6642-0-0-15\" class=\"so-panel widget widget_the-editor\" data-index=\"15\" ><div\n\t\t\t\n\t\t\tclass=\"so-widget-the-editor so-widget-the-editor-base\"\n\t\t\t\n\t\t><div class=\"text-widget \">\n\t<p>Pour ceux qui pr\u00e9f\u00e8rent \u00e9chapper \u00e0 l\u2019agitation des march\u00e9s, la presqu'\u00eele offre un d\u00e9cor naturel \u00e0 couper le souffle, compos\u00e9 de dunes, de for\u00eats de pins et de plages infinies, id\u00e9ales pour des balades ou des excursions \u00e0 v\u00e9lo. Le phare du Cap Ferret offre une vue panoramique spectaculaire sur la presqu'\u00eele et le c\u00e9l\u00e8bre Bassin d\u2019Arcachon.<\/p>\n<p>Les visiteurs peuvent \u00e9galement profiter de sorties en bateau pour explorer les r\u00e9serves ornithologiques voisines, visiter des parcs \u00e0 hu\u00eetres ou encore admirer la fameuse Dune du Pilat, la plus haute d\u2019Europe.<\/p>\n<p>On pourrait en parler encore et encore : c\u2019est tout simplement magnifique ici. N\u2019h\u00e9sitez pas \u00e0 passer nous voir pour des conseils personnalis\u00e9s pour votre s\u00e9jour au Cap. Si vous pr\u00e9f\u00e9rez vous informer \u00e0 l\u2019avance, voici le lien vers <a href=\"https:\/\/www.lege-capferret.com\">l\u2019office de tourisme<\/a>.<\/p>\n<p>Que vous souhaitiez dompter les vagues, explorer la nature ou simplement vous d\u00e9tendre, Cap Ferret a de quoi combler toutes les envies et tous les \u00e2ges. Accessible facilement, la presqu'\u00eele est bien reli\u00e9e au hub de Bordeaux gr\u00e2ce \u00e0 des lignes de bus, de train ou encore des vols. Des conseils pour votre arriv\u00e9e se trouvent ici.<\/p>\n<p>Venez d\u00e9couvrir la beaut\u00e9 unique et la diversit\u00e9 du Cap Ferret. Et maintenant, retour \u00e0 l\u2019essentiel : <strong>LE SURF<\/strong>. \u00c0 l\u2019eau avec nous \u2013 <a href=\"https:\/\/www.backwash-surfcamp.de\/kurse\/\">cours de surf<\/a>, <a href=\"https:\/\/www.backwash-surfcamp.de\/coaching\/\">coaching<\/a> ou <a href=\"https:\/\/www.backwash-surfcamp.de\/verleih\/\">location de mat\u00e9riel<\/a>.<\/p>\n<\/div>\n<\/div><\/div><div id=\"panel-6642-0-0-16\" class=\"so-panel widget widget_the-hr-widget\" data-index=\"16\" ><div\n\t\t\t\n\t\t\tclass=\"so-widget-the-hr-widget so-widget-the-hr-widget-base\"\n\t\t\t\n\t\t><div class=\"hr\"><\/div>\n<\/div><\/div><div id=\"panel-6642-0-0-17\" class=\"so-panel widget widget_the-editor\" data-index=\"17\" ><div\n\t\t\t\n\t\t\tclass=\"so-widget-the-editor so-widget-the-editor-base\"\n\t\t\t\n\t\t><div class=\"text-widget \">\n\t<h4 style=\"text-align: center;\">Nous avons h\u00e2te de te voir !<\/h4>\n<\/div>\n<\/div><\/div><div id=\"panel-6642-0-0-18\" class=\"so-panel widget widget_the-hr-widget\" data-index=\"18\" ><div\n\t\t\t\n\t\t\tclass=\"so-widget-the-hr-widget so-widget-the-hr-widget-base\"\n\t\t\t\n\t\t><div class=\"hr\"><\/div>\n<\/div><\/div><div id=\"panel-6642-0-0-19\" class=\"so-panel widget widget_the-image\" data-index=\"19\" ><div class=\"the-big-size panel-widget-style panel-widget-style-for-6642-0-0-19\" ><div\n\t\t\t\n\t\t\tclass=\"so-widget-the-image so-widget-the-image-default-d6014b76747a-6642\"\n\t\t\t\n\t\t>\n\n<div class=\"sow-image-container\">\n\t<img loading=\"lazy\" decoding=\"async\" src=\"https:\/\/www.backwash-surfcamp.de\/wp-content\/uploads\/2021\/03\/surfwithfriends-1.jpg\" width=\"1078\" height=\"606\" srcset=\"https:\/\/www.backwash-surfcamp.de\/wp-content\/uploads\/2021\/03\/surfwithfriends-1.jpg 1078w, https:\/\/www.backwash-surfcamp.de\/wp-content\/uploads\/2021\/03\/surfwithfriends-1-300x169.jpg 300w, https:\/\/www.backwash-surfcamp.de\/wp-content\/uploads\/2021\/03\/surfwithfriends-1-1024x576.jpg 1024w, https:\/\/www.backwash-surfcamp.de\/wp-content\/uploads\/2021\/03\/surfwithfriends-1-768x432.jpg 768w\" sizes=\"auto, (max-width: 1078px) 100vw, 1078px\" title=\"surf\" alt=\"\" \t\tclass=\"so-widget-image\"\/>\n<\/div>\n\n<\/div><\/div><\/div><div id=\"panel-6642-0-0-20\" class=\"so-panel widget widget_the-instagram-widget panel-last-child\" data-index=\"20\" ><div\n\t\t\t\n\t\t\tclass=\"so-widget-the-instagram-widget so-widget-the-instagram-widget-base\"\n\t\t\t\n\t\t><div class=\"wave-border wave-border--color instagram-widget\"><h2 class=\"instagram-widget-title\"><span>Instagram<\/span><\/h2><div class=\"instagram-widget-link\"><a href=\"https:\/\/www.instagram.com\/backwash_surfcamp\/\" target=\"_blank\">Follow us<\/a><\/div><\/div>\n\n<\/div><\/div><\/div><\/div><\/div>","protected":false},"excerpt":{"rendered":"<p>R\u00e9server des cours &#9656; Bienvenue chez Backwash ! Depuis plus de 20 ans, nous surfons \u00e0 Truc Vert \u2013 et nous aimons chaque jour pass\u00e9 ici. Ce que nous aimons encore plus, c&rsquo;est partager notre passion pour les vagues avec vous. Que vous soyez petit ou grand, jeune ou moins jeune, d\u00e9butant(e) absolu(e) ou d\u00e9j\u00e0 [&hellip;]<\/p>\n","protected":false},"author":1,"featured_media":0,"parent":0,"menu_order":0,"comment_status":"closed","ping_status":"closed","template":"","meta":{"footnotes":""},"class_list":["post-6642","page","type-page","status-publish","hentry"],"_links":{"self":[{"href":"https:\/\/www.backwash-surfcamp.de\/fr\/wp-json\/wp\/v2\/pages\/6642","targetHints":{"allow":["GET"]}}],"collection":[{"href":"https:\/\/www.backwash-surfcamp.de\/fr\/wp-json\/wp\/v2\/pages"}],"about":[{"href":"https:\/\/www.backwash-surfcamp.de\/fr\/wp-json\/wp\/v2\/types\/page"}],"author":[{"embeddable":true,"href":"https:\/\/www.backwash-surfcamp.de\/fr\/wp-json\/wp\/v2\/users\/1"}],"replies":[{"embeddable":true,"href":"https:\/\/www.backwash-surfcamp.de\/fr\/wp-json\/wp\/v2\/comments?post=6642"}],"version-history":[{"count":7,"href":"https:\/\/www.backwash-surfcamp.de\/fr\/wp-json\/wp\/v2\/pages\/6642\/revisions"}],"predecessor-version":[{"id":9137,"href":"https:\/\/www.backwash-surfcamp.de\/fr\/wp-json\/wp\/v2\/pages\/6642\/revisions\/9137"}],"wp:attachment":[{"href":"https:\/\/www.backwash-surfcamp.de\/fr\/wp-json\/wp\/v2\/media?parent=6642"}],"curies":[{"name":"wp","href":"https:\/\/api.w.org\/{rel}","templated":true}]}}